{"id":121,"date":"2021-09-07T07:15:00","date_gmt":"2021-09-07T07:15:00","guid":{"rendered":"http:\/\/www.elamanlaulu.com\/?page_id=121"},"modified":"2024-02-25T17:46:05","modified_gmt":"2024-02-25T17:46:05","slug":"palautetta-kommentteja","status":"publish","type":"page","link":"https:\/\/www.elamanlaulu.com\/?page_id=121","title":{"rendered":"Palautetta &#8211; kommentteja"},"content":{"rendered":"\n<p class=\"has-text-align-center\"><img loading=\"lazy\" decoding=\"async\" width=\"300\" height=\"201\" class=\"wp-image-148\" src=\"https:\/\/www.elamanlaulu.com\/wp-content\/uploads\/2021\/09\/kuva-6-300x201.png\" alt=\"\" srcset=\"https:\/\/www.elamanlaulu.com\/wp-content\/uploads\/2021\/09\/kuva-6-300x201.png 300w, https:\/\/www.elamanlaulu.com\/wp-content\/uploads\/2021\/09\/kuva-6-768x514.png 768w, https:\/\/www.elamanlaulu.com\/wp-content\/uploads\/2021\/09\/kuva-6.png 1024w\" sizes=\"auto, (max-width: 300px) 85vw, 300px\" \/><\/p>\n\n\n\n<p><\/p>\n\n\n\n<p class=\"has-medium-font-size\"><em>Palautteita&#8230;<\/em><\/p>\n\n\n\n<p><em>\u201d<strong>Suosittelen ehdottomasti Maija-Liisaa muistotilaisuuksiin h\u00e4nen hyv\u00e4n laulu-ja soittotaidon vuoksi. H\u00e4n oli taannoin l\u00e4heiseni siunaustilaisuudessa laulamassa. Saattov\u00e4ki oli musiikista otettu, ja kiitteliv\u00e4t my\u00f6hemminkin valintaani pyyt\u00e4\u00e4 Maija-Liisaa laulamaan.\u201d<\/strong> &#8211; A.K.<\/em><\/p>\n\n\n\n<p><em>\u201d<strong> Mielest\u00e4ni Maijaliisa sopii eritt\u00e4in hyvin kyseess\u00e4 olevien musiikkiteht\u00e4vien suorittamiseen.\u201d <\/strong>&#8211; M.S.<\/em><\/p>\n\n\n\n<p>\u201d<strong><em>Useita kertoja Maija-Liisan musiikkia kuulleena (liven\u00e4 ja \u00e4\u00e4nitteilt\u00e4) voin <\/em>s<em>uositella! Pitk\u00e4n kokemuksen musiikissa kuulee, ja Maija-Liisa tekee ty\u00f6t\u00e4\u00e4n syd\u00e4mell\u00e4 yleis\u00f6n huomioiden.  <\/em><\/strong><em> &#8211; Kristiina Laiho<\/em><\/p>\n\n\n\n<p>\u201d<strong>Maijali<em>isa Hiekkasella on mielest\u00e4ni taito v\u00e4litt\u00e4\u00e4 herk\u00e4ll\u00e4 tavalla kuulijoille sanoin ja s\u00e4velin rohkaisun ja toivon sanomaa.\u201d<\/em><\/strong><em> &#8211;<\/em> <em>Kanttori<\/em><\/p>\n\n\n\n<p><strong>\u201d<em>Maija-Liisa on kokenut ja taitava musiikin ammattilainen ja esiintyj\u00e4. H\u00e4n osaa huomioida yleis\u00f6n kappalevalinnoillaan ja vuorovaikutustaidoillaan. H\u00e4n osaa luoda oikean tunnelman tilaisuuksiin vuorovaikutustaitojensa, kokemuksensa ja tilannetajunsa ansiosta.\u201d<\/em><\/strong> &#8211; <em>Sirpa<\/em><\/p>\n\n\n\n<p><strong><em>\u201dKiitos kauniista lauluesityksist\u00e4<\/em> (&#8212;) <em>siunaus-ja muistotilaisuudes<\/em>sa <\/strong><em><strong>24.11.2018.<\/strong>   <strong>Muistamme l\u00e4mm\u00f6ll\u00e4&#8230;\u201d<\/strong> &#8211; omaiset<\/em><\/p>\n\n\n\n<p><em><strong>&#8221;Maija-Liisalla on kattava ohjelmisto, josta h\u00e4n osaa ehdottaa \/ valita tilaisuuteen sopivat kappaleet. H\u00e4n my\u00f6s tulkitsee kappaleita el\u00e4v\u00e4sti ja niihin sopivalla ilmaisutavalla.<\/strong>&#8221;<strong>&nbsp; &#8211; Aaro Alasp\u00e4\u00e4<\/strong><\/em><\/p>\n\n\n\n<p><em><strong>\u201dNuo sun netiss\u00e4 jo olevat laulut ovat niin ihania. Suuri siunaus.\u201d<\/strong><\/em> ( T.N.)<\/p>\n\n\n\n<p><em><strong>\u201d Laulusi ja esityksesi ovat koskettavia. Monitaitosi ja lahjakkuutesi, varmaankin Jumalan sallimus el\u00e4m\u00e4\u00e4si syvent\u00e4m\u00e4\u00e4n ja rikastuttamaan. Siunausta!\u201d ( R. S.)<\/strong><\/em><\/p>\n\n\n\n<p><strong><em>\u201dK\u00e4yd\u00e4\u00e4n kuuntelemassa. Viimeksi kuuntelin kaikki konserttilaulut putkeen.\u201d  &#8211;     Tuula<\/em><\/strong><\/p>\n\n\n<div class=\"wp-block-image\">\n<figure class=\"aligncenter size-full\"><img loading=\"lazy\" decoding=\"async\" width=\"600\" height=\"119\" src=\"https:\/\/www.elamanlaulu.com\/wp-content\/uploads\/2021\/09\/kuva-2.png\" alt=\"\" class=\"wp-image-56\" srcset=\"https:\/\/www.elamanlaulu.com\/wp-content\/uploads\/2021\/09\/kuva-2.png 600w, https:\/\/www.elamanlaulu.com\/wp-content\/uploads\/2021\/09\/kuva-2-300x60.png 300w\" sizes=\"auto, (max-width: 600px) 85vw, 600px\" \/><\/figure>\n<\/div>","protected":false},"excerpt":{"rendered":"<p>Palautteita&#8230; \u201dSuosittelen ehdottomasti Maija-Liisaa muistotilaisuuksiin h\u00e4nen hyv\u00e4n laulu-ja soittotaidon vuoksi. H\u00e4n oli taannoin l\u00e4heiseni siunaustilaisuudessa laulamassa. Saattov\u00e4ki oli musiikista otettu, ja kiitteliv\u00e4t my\u00f6hemminkin valintaani pyyt\u00e4\u00e4 Maija-Liisaa laulamaan.\u201d &#8211; A.K. \u201d Mielest\u00e4ni Maijaliisa sopii eritt\u00e4in hyvin kyseess\u00e4 olevien musiikkiteht\u00e4vien suorittamiseen.\u201d &#8211; M.S. \u201dUseita kertoja Maija-Liisan musiikkia kuulleena (liven\u00e4 ja \u00e4\u00e4nitteilt\u00e4) voin suositella! Pitk\u00e4n kokemuksen musiikissa kuulee, &hellip; <a href=\"https:\/\/www.elamanlaulu.com\/?page_id=121\" class=\"more-link\">Jatka lukemista<span class=\"screen-reader-text\"> &#8221;Palautetta &#8211; kommentteja&#8221;<\/span><\/a><\/p>\n","protected":false},"author":1,"featured_media":0,"parent":0,"menu_order":0,"comment_status":"open","ping_status":"closed","template":"","meta":{"footnotes":""},"class_list":["post-121","page","type-page","status-publish","hentry"],"_links":{"self":[{"href":"https:\/\/www.elamanlaulu.com\/index.php?rest_route=\/wp\/v2\/pages\/121","targetHints":{"allow":["GET"]}}],"collection":[{"href":"https:\/\/www.elamanlaulu.com\/index.php?rest_route=\/wp\/v2\/pages"}],"about":[{"href":"https:\/\/www.elamanlaulu.com\/index.php?rest_route=\/wp\/v2\/types\/page"}],"author":[{"embeddable":true,"href":"https:\/\/www.elamanlaulu.com\/index.php?rest_route=\/wp\/v2\/users\/1"}],"replies":[{"embeddable":true,"href":"https:\/\/www.elamanlaulu.com\/index.php?rest_route=%2Fwp%2Fv2%2Fcomments&post=121"}],"version-history":[{"count":11,"href":"https:\/\/www.elamanlaulu.com\/index.php?rest_route=\/wp\/v2\/pages\/121\/revisions"}],"predecessor-version":[{"id":1191,"href":"https:\/\/www.elamanlaulu.com\/index.php?rest_route=\/wp\/v2\/pages\/121\/revisions\/1191"}],"wp:attachment":[{"href":"https:\/\/www.elamanlaulu.com\/index.php?rest_route=%2Fwp%2Fv2%2Fmedia&parent=121"}],"curies":[{"name":"wp","href":"https:\/\/api.w.org\/{rel}","templated":true}]}}