{"id":1287,"date":"2024-11-08T09:23:52","date_gmt":"2024-11-08T09:23:52","guid":{"rendered":"https:\/\/www.elamanlaulu.com\/?page_id=1287"},"modified":"2025-09-02T15:57:47","modified_gmt":"2025-09-02T15:57:47","slug":"youtube","status":"publish","type":"page","link":"https:\/\/www.elamanlaulu.com\/?page_id=1287","title":{"rendered":"YouTube"},"content":{"rendered":"\n<p><\/p>\n\n\n\n<h2 class=\"wp-block-heading\"><mark style=\"background-color:rgba(0, 0, 0, 0)\" class=\"has-inline-color has-bright-red-color\">El\u00e4m\u00e4ss\u00e4 eteenp\u00e4in ja yl\u00f6sp\u00e4in<\/mark><\/h2>\n\n\n\n<figure class=\"wp-block-embed is-type-video is-provider-youtube wp-block-embed-youtube wp-embed-aspect-16-9 wp-has-aspect-ratio\"><div class=\"wp-block-embed__wrapper\">\n<iframe loading=\"lazy\" title=\"Yl\u00f6sp\u00e4in-eteenp\u00e4in! - Maijalisa Hiekkanen\" width=\"840\" height=\"473\" src=\"https:\/\/www.youtube.com\/embed\/wJcb4fn0Byc?feature=oembed\" frameborder=\"0\" allow=\"accelerometer; autoplay; clipboard-write; encrypted-media; gyroscope; picture-in-picture; web-share\" referrerpolicy=\"strict-origin-when-cross-origin\" allowfullscreen><\/iframe>\n<\/div><\/figure>\n\n\n\n<h2 class=\"wp-block-heading\"><mark style=\"background-color:rgba(0, 0, 0, 0)\" class=\"has-inline-color has-bright-blue-color\">Nostalgiaa nousee!<\/mark><\/h2>\n\n\n\n<figure class=\"wp-block-embed is-type-video is-provider-youtube wp-block-embed-youtube wp-embed-aspect-16-9 wp-has-aspect-ratio\"><div class=\"wp-block-embed__wrapper\">\n<iframe loading=\"lazy\" title=\"J\u00e4\u00e4hyv\u00e4iset J\u00e4rvi-ranta*  Maijaliisa Hiekkanen\" width=\"840\" height=\"473\" src=\"https:\/\/www.youtube.com\/embed\/mFtfZwweSBw?feature=oembed\" frameborder=\"0\" allow=\"accelerometer; autoplay; clipboard-write; encrypted-media; gyroscope; picture-in-picture; web-share\" referrerpolicy=\"strict-origin-when-cross-origin\" allowfullscreen><\/iframe>\n<\/div><\/figure>\n\n\n\n<p>Kes\u00e4n hetket hiipuu hiljaa pois&#8230;<\/p>\n\n\n\n<p><\/p>\n\n\n\n<figure class=\"wp-block-embed is-type-video is-provider-youtube wp-block-embed-youtube wp-embed-aspect-16-9 wp-has-aspect-ratio\"><div class=\"wp-block-embed__wrapper\">\n<iframe loading=\"lazy\" title=\"Elokuu-nostalgiaa! * Maijaliisa Hiekkanen\" width=\"840\" height=\"473\" src=\"https:\/\/www.youtube.com\/embed\/M9f-pL9IV7w?feature=oembed\" frameborder=\"0\" allow=\"accelerometer; autoplay; clipboard-write; encrypted-media; gyroscope; picture-in-picture; web-share\" referrerpolicy=\"strict-origin-when-cross-origin\" allowfullscreen><\/iframe>\n<\/div><\/figure>\n\n\n\n<p>Kes\u00e4 ja helteet k\u00e4sill\u00e4!<\/p>\n\n\n\n<p>Vuonna 1981 julkaistulta musiikkialbumilta laulu<\/p>\n\n\n\n<p><strong><mark style=\"background-color:rgba(0, 0, 0, 0)\" class=\"has-inline-color has-bright-red-color\">Ylist\u00e4n Jeesusta!<\/mark><\/strong><\/p>\n\n\n\n<figure class=\"wp-block-embed is-type-video is-provider-youtube wp-block-embed-youtube wp-embed-aspect-16-9 wp-has-aspect-ratio\"><div class=\"wp-block-embed__wrapper\">\n<iframe loading=\"lazy\" title=\"Ylist\u00e4n Jeesusta - I praice! -Maijaliisa Hiekkanen\" width=\"840\" height=\"473\" src=\"https:\/\/www.youtube.com\/embed\/K5-zF4gfcRs?feature=oembed\" frameborder=\"0\" allow=\"accelerometer; autoplay; clipboard-write; encrypted-media; gyroscope; picture-in-picture; web-share\" referrerpolicy=\"strict-origin-when-cross-origin\" allowfullscreen><\/iframe>\n<\/div><\/figure>\n\n\n\n<p>Youtubessa nyt &#8221;vanhoja lauluja&#8221; 1977-1978 julkaistuilta albumeilta:<\/p>\n\n\n\n<figure class=\"wp-block-embed is-type-video is-provider-youtube wp-block-embed-youtube wp-embed-aspect-16-9 wp-has-aspect-ratio\"><div class=\"wp-block-embed__wrapper\">\n<iframe loading=\"lazy\" title=\"Uuden laulun syd\u00e4meeni sain *  Maijaliisa Hiekkanen\" width=\"840\" height=\"473\" src=\"https:\/\/www.youtube.com\/embed\/hYe101WHCn0?feature=oembed\" frameborder=\"0\" allow=\"accelerometer; autoplay; clipboard-write; encrypted-media; gyroscope; picture-in-picture; web-share\" referrerpolicy=\"strict-origin-when-cross-origin\" allowfullscreen><\/iframe>\n<\/div><\/figure>\n\n\n\n<figure class=\"wp-block-embed is-type-video is-provider-youtube wp-block-embed-youtube wp-embed-aspect-16-9 wp-has-aspect-ratio\"><div class=\"wp-block-embed__wrapper\">\n<iframe loading=\"lazy\" title=\"Minun onneni *  Maijaliisa Hiekkanen\" width=\"840\" height=\"473\" src=\"https:\/\/www.youtube.com\/embed\/O8h6IOrNLng?feature=oembed\" frameborder=\"0\" allow=\"accelerometer; autoplay; clipboard-write; encrypted-media; gyroscope; picture-in-picture; web-share\" referrerpolicy=\"strict-origin-when-cross-origin\" allowfullscreen><\/iframe>\n<\/div><\/figure>\n\n\n\n<p><\/p>\n\n\n\n<p><strong>Saanko sinut n\u00e4hd\u00e4?<\/strong><\/p>\n\n\n\n<figure class=\"wp-block-embed is-type-video is-provider-youtube wp-block-embed-youtube wp-embed-aspect-16-9 wp-has-aspect-ratio\"><div class=\"wp-block-embed__wrapper\">\n<iframe loading=\"lazy\" title=\"Saanko Sinut n\u00e4hd\u00e4? * Maijaliisa Hiekkanen\" width=\"840\" height=\"473\" src=\"https:\/\/www.youtube.com\/embed\/32NBLOnQD5Q?feature=oembed\" frameborder=\"0\" allow=\"accelerometer; autoplay; clipboard-write; encrypted-media; gyroscope; picture-in-picture; web-share\" referrerpolicy=\"strict-origin-when-cross-origin\" allowfullscreen><\/iframe>\n<\/div><\/figure>\n\n\n\n<p><\/p>\n\n\n\n<p><strong>Tie on auki yl\u00f6sp\u00e4in!<\/strong><\/p>\n\n\n\n<figure class=\"wp-block-embed is-type-video is-provider-youtube wp-block-embed-youtube wp-embed-aspect-16-9 wp-has-aspect-ratio\"><div class=\"wp-block-embed__wrapper\">\n<iframe loading=\"lazy\" title=\"Tie on auki yl\u00f6sp\u00e4in! * Maijaliisa Hiekkanen\" width=\"840\" height=\"473\" src=\"https:\/\/www.youtube.com\/embed\/dfcxRNJPaPQ?feature=oembed\" frameborder=\"0\" allow=\"accelerometer; autoplay; clipboard-write; encrypted-media; gyroscope; picture-in-picture; web-share\" referrerpolicy=\"strict-origin-when-cross-origin\" allowfullscreen><\/iframe>\n<\/div><\/figure>\n\n\n\n<p><br><\/p>\n\n\n\n<h2 class=\"wp-block-heading\"><mark style=\"background-color:rgba(0, 0, 0, 0)\" class=\"has-inline-color has-bright-blue-color\">Kes\u00e4 kukoistaa ja luomakuntakin laulaa!<\/mark><\/h2>\n\n\n\n<figure class=\"wp-block-embed is-type-video is-provider-youtube wp-block-embed-youtube wp-embed-aspect-16-9 wp-has-aspect-ratio\"><div class=\"wp-block-embed__wrapper\">\n<iframe loading=\"lazy\" title=\"Luomakunta laulaa * Maijaliisa Hiekkanen\" width=\"840\" height=\"473\" src=\"https:\/\/www.youtube.com\/embed\/1sAdbQfWeQI?feature=oembed\" frameborder=\"0\" allow=\"accelerometer; autoplay; clipboard-write; encrypted-media; gyroscope; picture-in-picture; web-share\" referrerpolicy=\"strict-origin-when-cross-origin\" allowfullscreen><\/iframe>\n<\/div><\/figure>\n\n\n\n<h2 class=\"wp-block-heading\"><mark style=\"background-color:rgba(0, 0, 0, 0)\" class=\"has-inline-color has-bright-blue-color\">4.6.2025 &#8211; kes\u00e4 on nyt totta!<\/mark><\/h2>\n\n\n\n<p>Vuodet vieriv\u00e4t, kes\u00e4t kiit\u00e4v\u00e4t ohitsemme!<\/p>\n\n\n\n<figure class=\"wp-block-embed is-type-video is-provider-youtube wp-block-embed-youtube wp-embed-aspect-16-9 wp-has-aspect-ratio\"><div class=\"wp-block-embed__wrapper\">\n<iframe loading=\"lazy\" title=\"J\u00e4\u00e4hyv\u00e4iset (1) meri * Maijaliisa Hiekkanen\" width=\"840\" height=\"473\" src=\"https:\/\/www.youtube.com\/embed\/6dGrQMJDE-8?feature=oembed\" frameborder=\"0\" allow=\"accelerometer; autoplay; clipboard-write; encrypted-media; gyroscope; picture-in-picture; web-share\" referrerpolicy=\"strict-origin-when-cross-origin\" allowfullscreen><\/iframe>\n<\/div><\/figure>\n\n\n\n<figure class=\"wp-block-embed is-type-video is-provider-youtube wp-block-embed-youtube wp-embed-aspect-16-9 wp-has-aspect-ratio\"><div class=\"wp-block-embed__wrapper\">\n<iframe loading=\"lazy\" title=\"J\u00e4\u00e4hyv\u00e4iset (2) Is\u00e4nmaa *  Maijaliisa Hiekkanen\" width=\"840\" height=\"473\" src=\"https:\/\/www.youtube.com\/embed\/wX1jHoYL7VE?feature=oembed\" frameborder=\"0\" allow=\"accelerometer; autoplay; clipboard-write; encrypted-media; gyroscope; picture-in-picture; web-share\" referrerpolicy=\"strict-origin-when-cross-origin\" allowfullscreen><\/iframe>\n<\/div><\/figure>\n\n\n\n<h2 class=\"wp-block-heading has-text-align-center\"><mark style=\"background-color:rgba(0, 0, 0, 0)\" class=\"has-inline-color has-bright-red-color\">In memoriam &#8211;  n\u00e4hd\u00e4\u00e4n!  Lapselleni 12.6.1967 &#8211; 2.10.1990<\/mark><\/h2>\n\n\n\n<figure class=\"wp-block-embed is-type-video is-provider-youtube wp-block-embed-youtube wp-embed-aspect-16-9 wp-has-aspect-ratio\"><div class=\"wp-block-embed__wrapper\">\n<iframe loading=\"lazy\" title=\"In memoriam-n\u00e4hd\u00e4\u00e4n! * Maijaliisa Hiekkanen\" width=\"840\" height=\"473\" src=\"https:\/\/www.youtube.com\/embed\/abJ0qla1B8w?feature=oembed\" frameborder=\"0\" allow=\"accelerometer; autoplay; clipboard-write; encrypted-media; gyroscope; picture-in-picture; web-share\" referrerpolicy=\"strict-origin-when-cross-origin\" allowfullscreen><\/iframe>\n<\/div><\/figure>\n\n\n\n<p>Nostalgiaa-happy &#8211;<\/p>\n\n\n\n<figure class=\"wp-block-embed is-type-video is-provider-youtube wp-block-embed-youtube wp-embed-aspect-16-9 wp-has-aspect-ratio\"><div class=\"wp-block-embed__wrapper\">\n<iframe loading=\"lazy\" title=\"Nostalgic-happy - Maijaliisa Hiekkanen\" width=\"840\" height=\"473\" src=\"https:\/\/www.youtube.com\/embed\/0TAj4qesgX0?feature=oembed\" frameborder=\"0\" allow=\"accelerometer; autoplay; clipboard-write; encrypted-media; gyroscope; picture-in-picture; web-share\" referrerpolicy=\"strict-origin-when-cross-origin\" allowfullscreen><\/iframe>\n<\/div><\/figure>\n\n\n\n<p>Muuttolinnut ovat saapuneet! 14-05-2025<\/p>\n\n\n\n<figure class=\"wp-block-embed is-type-video is-provider-youtube wp-block-embed-youtube wp-embed-aspect-16-9 wp-has-aspect-ratio\"><div class=\"wp-block-embed__wrapper\">\n<iframe loading=\"lazy\" title=\"Joutsenet - kes\u00e4muistoja * Maijaliisa Hiekkanen\" width=\"840\" height=\"473\" src=\"https:\/\/www.youtube.com\/embed\/5utK61vdexg?feature=oembed\" frameborder=\"0\" allow=\"accelerometer; autoplay; clipboard-write; encrypted-media; gyroscope; picture-in-picture; web-share\" referrerpolicy=\"strict-origin-when-cross-origin\" allowfullscreen><\/iframe>\n<\/div><\/figure>\n\n\n\n<p><\/p>\n\n\n\n<p><\/p>\n\n\n\n<p>Luonto odottaa kes\u00e4n l\u00e4mp\u00f6\u00e4. Halla hiipii \u00f6isin.<\/p>\n\n\n\n<p>T\u00e4\u00e4ll\u00e4 pohjant\u00e4hden alla? Hiipii sieluun asti halla. Siit\u00e4 t\u00e4ss\u00e4 videossa:<\/p>\n\n\n\n<figure class=\"wp-block-embed is-type-video is-provider-youtube wp-block-embed-youtube wp-embed-aspect-16-9 wp-has-aspect-ratio\"><div class=\"wp-block-embed__wrapper\">\n<iframe loading=\"lazy\" title=\"Pohjant\u00e4hden alla ** Maijaliisa Hiekkanen\" width=\"840\" height=\"473\" src=\"https:\/\/www.youtube.com\/embed\/caQUbC3XNaY?feature=oembed\" frameborder=\"0\" allow=\"accelerometer; autoplay; clipboard-write; encrypted-media; gyroscope; picture-in-picture; web-share\" referrerpolicy=\"strict-origin-when-cross-origin\" allowfullscreen><\/iframe>\n<\/div><\/figure>\n\n\n\n<p><\/p>\n\n\n\n<p><\/p>\n\n\n\n<p>P\u00e4\u00e4si\u00e4inen 2025- Ristin tie, laulu 1974<\/p>\n\n\n\n<figure class=\"wp-block-embed is-type-video is-provider-youtube wp-block-embed-youtube wp-embed-aspect-16-9 wp-has-aspect-ratio\"><div class=\"wp-block-embed__wrapper\">\n<iframe loading=\"lazy\" title=\"P\u00e4\u00e4si\u00e4inen (1) Ristin tie - Maijaliisa Hiekkanen\" width=\"840\" height=\"473\" src=\"https:\/\/www.youtube.com\/embed\/cmxjoCSVb1Q?feature=oembed\" frameborder=\"0\" allow=\"accelerometer; autoplay; clipboard-write; encrypted-media; gyroscope; picture-in-picture; web-share\" referrerpolicy=\"strict-origin-when-cross-origin\" allowfullscreen><\/iframe>\n<\/div><\/figure>\n\n\n\n<p><\/p>\n\n\n\n<p>Laulu: Yl\u00f6snoussut on, 1981<\/p>\n\n\n\n<figure class=\"wp-block-embed is-type-video is-provider-youtube wp-block-embed-youtube wp-embed-aspect-16-9 wp-has-aspect-ratio\"><div class=\"wp-block-embed__wrapper\">\n<iframe loading=\"lazy\" title=\"P\u00e4\u00e4si\u00e4inen (2) Voitto!  Maijaliisa Hiekkanen\" width=\"840\" height=\"473\" src=\"https:\/\/www.youtube.com\/embed\/axmSSAZB2D8?feature=oembed\" frameborder=\"0\" allow=\"accelerometer; autoplay; clipboard-write; encrypted-media; gyroscope; picture-in-picture; web-share\" referrerpolicy=\"strict-origin-when-cross-origin\" allowfullscreen><\/iframe>\n<\/div><\/figure>\n\n\n\n<p><\/p>\n\n\n\n<p>YouTube \u2013 Maijaliisa Hiekkanen  <a href=\"https:\/\/www.youtube.com\/@maijaliisahiekkanen5096\/videos\">https:\/\/www.youtube.com\/@maijaliisahiekkanen5096\/videos<\/a><\/p>\n\n\n\n<p>YouTube-kanavalla on nyt yli<strong> 60<\/strong> lauluvideota<\/p>\n\n\n\n<p>Yli <strong> 25 <\/strong> musiikkiterapiavideota helmikuusta 2025 alkaen. <a href=\"https:\/\/www.elamanlaulu.com\/?page_id=1387\" data-type=\"page\" data-id=\"1387\">Musiikkiterapia-YouTube<\/a><\/p>\n\n\n\n<p>Uusin 4.4.2025 <strong><mark style=\"background-color:rgba(0, 0, 0, 0)\" class=\"has-inline-color has-dark-red-color\">Matkalaulu  (1) <\/mark><\/strong><a href=\"https:\/\/www.youtube.com\/watch?v=Zrj3SKoAAzA\">https:\/\/www.youtube.com\/watch?v=Zrj3SKoAAzA<\/a><\/p>\n\n\n\n<figure class=\"wp-block-embed is-type-video is-provider-youtube wp-block-embed-youtube wp-embed-aspect-16-9 wp-has-aspect-ratio\"><div class=\"wp-block-embed__wrapper\">\n<iframe loading=\"lazy\" title=\"Matkalaulu (1) Maijaliisa Hiekkanen\" width=\"840\" height=\"473\" src=\"https:\/\/www.youtube.com\/embed\/Zrj3SKoAAzA?feature=oembed\" frameborder=\"0\" allow=\"accelerometer; autoplay; clipboard-write; encrypted-media; gyroscope; picture-in-picture; web-share\" referrerpolicy=\"strict-origin-when-cross-origin\" allowfullscreen><\/iframe>\n<\/div><\/figure>\n\n\n\n<h2 class=\"wp-block-heading\"><strong><mark style=\"background-color:rgba(0, 0, 0, 0)\" class=\"has-inline-color has-bright-blue-color\">Sarja: SielunSointuja<\/mark><\/strong><\/h2>\n\n\n\n<p><strong><mark style=\"background-color:rgba(0, 0, 0, 0)\" class=\"has-inline-color has-dark-red-color\">IltaSointuja <\/mark><\/strong><a href=\"https:\/\/www.youtube.com\/watch?v=qG6kcnednwg\">https:\/\/www.youtube.com\/watch?v=qG6kcnednwg<\/a><\/p>\n\n\n\n<p><strong><mark style=\"background-color:rgba(0, 0, 0, 0)\" class=\"has-inline-color has-dark-red-color\">Onnellinen aamu<\/mark><\/strong> <a href=\"https:\/\/www.youtube.com\/watch?v=t8P2Trcrrhg\">https:\/\/www.youtube.com\/watch?v=t8P2Trcrrhg<\/a><\/p>\n\n\n\n<p><strong><mark style=\"background-color:rgba(0, 0, 0, 0)\" class=\"has-inline-color has-dark-red-color\">SielunSointuja (2)<\/mark><\/strong> <a href=\"https:\/\/www.youtube.com\/watch?v=7afEuwOIoXE\">https:\/\/www.youtube.com\/watch?v=7afEuwOIoXE<\/a><\/p>\n\n\n\n<p><strong><mark style=\"background-color:rgba(0, 0, 0, 0)\" class=\"has-inline-color has-dark-red-color\">SielunSointuja (1)<\/mark><\/strong><a href=\"https:\/\/www.youtube.com\/watch?v=DVUm6rPOdUY\">https:\/\/www.youtube.com\/watch?v=DVUm6rPOdUY<\/a><\/p>\n\n\n\n<p><\/p>\n\n\n\n<p style=\"font-size:28px\"><mark style=\"background-color:rgba(0, 0, 0, 0)\" class=\"has-inline-color has-bright-red-color\"><strong>23.12.2024  &#8211;  Joulutervehdys t\u00e4ss\u00e4:  <\/strong><\/mark><strong><mark style=\"background-color:rgba(0, 0, 0, 0)\" class=\"has-inline-color has-bright-red-color\"> YouTubessa<\/mark><\/strong><\/p>\n\n\n\n<figure class=\"wp-block-embed is-type-video is-provider-youtube wp-block-embed-youtube wp-embed-aspect-16-9 wp-has-aspect-ratio\"><div class=\"wp-block-embed__wrapper\">\n<iframe loading=\"lazy\" title=\"Joulutervehdys-2024  Maijaliisa Hiekkanen\" width=\"840\" height=\"473\" src=\"https:\/\/www.youtube.com\/embed\/HqtArJzabBE?feature=oembed\" frameborder=\"0\" allow=\"accelerometer; autoplay; clipboard-write; encrypted-media; gyroscope; picture-in-picture; web-share\" referrerpolicy=\"strict-origin-when-cross-origin\" allowfullscreen><\/iframe>\n<\/div><\/figure>\n\n\n\n<p><\/p>\n\n\n\n<p><strong>Joulukuu 2024.  <\/strong><\/p>\n\n\n\n<p>Maijaliisa Hiekkasen &#8221;ikivihre\u00e4&#8221;<strong><mark style=\"background-color:rgba(0, 0, 0, 0);color:#be5050\" class=\"has-inline-color\">  Taivaslaulu<\/mark><\/strong> nyt videona, jossa kolme (3) eri versiota laulusta. 1974, 1978, ja 16.5.2023  konsertin tulkinta. T\u00e4ss\u00e4 video<\/p>\n\n\n\n<p><\/p>\n\n\n\n<p><iframe loading=\"lazy\" title=\"Taivaslaulu 50 v  - Maijaliisa Hiekkanen\" width=\"840\" height=\"473\" src=\"https:\/\/www.youtube.com\/embed\/fYi95FUvyo0?feature=oembed\" frameborder=\"0\" allow=\"accelerometer; autoplay; clipboard-write; encrypted-media; gyroscope; picture-in-picture; web-share\" referrerpolicy=\"strict-origin-when-cross-origin\" allowfullscreen><\/iframe><\/p>\n\n\n\n<p>UUSIMMAT videot ovat musiikkitallenteita 16.4.2023<\/p>\n\n\n\n<p>konsertista:   El\u00e4m\u00e4n Laulua 50 vuotta.<\/p>\n\n\n\n<p>T\u00c4HTIEN takana (2018)<\/p>\n\n\n\n<figure class=\"wp-block-embed is-type-video is-provider-youtube wp-block-embed-youtube wp-embed-aspect-16-9 wp-has-aspect-ratio\"><div class=\"wp-block-embed__wrapper\">\n<iframe loading=\"lazy\" title=\"Mit\u00e4 t\u00e4htien takana? Maijaliisa Hiekkanen\" width=\"840\" height=\"473\" src=\"https:\/\/www.youtube.com\/embed\/PXeiOF0wPs4?feature=oembed\" frameborder=\"0\" allow=\"accelerometer; autoplay; clipboard-write; encrypted-media; gyroscope; picture-in-picture; web-share\" referrerpolicy=\"strict-origin-when-cross-origin\" allowfullscreen><\/iframe>\n<\/div><\/figure>\n\n\n\n<p>KOVIA kohtaloita (2002)<\/p>\n\n\n\n<figure class=\"wp-block-embed is-type-video is-provider-youtube wp-block-embed-youtube wp-embed-aspect-16-9 wp-has-aspect-ratio\"><div class=\"wp-block-embed__wrapper\">\n<iframe loading=\"lazy\" title=\"Kovia kohtaloita - Maijaliisa Hiekkanen\" width=\"840\" height=\"473\" src=\"https:\/\/www.youtube.com\/embed\/WXdJPQz7euo?feature=oembed\" frameborder=\"0\" allow=\"accelerometer; autoplay; clipboard-write; encrypted-media; gyroscope; picture-in-picture; web-share\" referrerpolicy=\"strict-origin-when-cross-origin\" allowfullscreen><\/iframe>\n<\/div><\/figure>\n\n\n\n<p>EL\u00c4M\u00c4NI AUTIOSSA HUONEESSA (1982)<\/p>\n\n\n\n<figure class=\"wp-block-embed is-type-video is-provider-youtube wp-block-embed-youtube wp-embed-aspect-16-9 wp-has-aspect-ratio\"><div class=\"wp-block-embed__wrapper\">\n<iframe loading=\"lazy\" title=\"El\u00e4m\u00e4ni autiossa huoneessa  - Maijaliisa Hiekkanen\" width=\"840\" height=\"473\" src=\"https:\/\/www.youtube.com\/embed\/ucYLzFDuWwc?feature=oembed\" frameborder=\"0\" allow=\"accelerometer; autoplay; clipboard-write; encrypted-media; gyroscope; picture-in-picture; web-share\" referrerpolicy=\"strict-origin-when-cross-origin\" allowfullscreen><\/iframe>\n<\/div><\/figure>\n\n\n\n<p>Muistojen kirjaa katsellessain<\/p>\n\n\n\n<figure class=\"wp-block-embed is-type-video is-provider-youtube wp-block-embed-youtube wp-embed-aspect-16-9 wp-has-aspect-ratio\"><div class=\"wp-block-embed__wrapper\">\n<iframe loading=\"lazy\" title=\"Muistojen kirjaa katsellessain  - Maijaliisa Hiekkanen\" width=\"840\" height=\"473\" src=\"https:\/\/www.youtube.com\/embed\/xtib4raQdlU?feature=oembed\" frameborder=\"0\" allow=\"accelerometer; autoplay; clipboard-write; encrypted-media; gyroscope; picture-in-picture; web-share\" referrerpolicy=\"strict-origin-when-cross-origin\" allowfullscreen><\/iframe>\n<\/div><\/figure>\n\n\n\n<p><\/p>\n\n\n\n<p><\/p>\n\n\n\n<p><\/p>\n","protected":false},"excerpt":{"rendered":"<p>El\u00e4m\u00e4ss\u00e4 eteenp\u00e4in ja yl\u00f6sp\u00e4in Nostalgiaa nousee! Kes\u00e4n hetket hiipuu hiljaa pois&#8230; Kes\u00e4 ja helteet k\u00e4sill\u00e4! Vuonna 1981 julkaistulta musiikkialbumilta laulu Ylist\u00e4n Jeesusta! Youtubessa nyt &#8221;vanhoja lauluja&#8221; 1977-1978 julkaistuilta albumeilta: Saanko sinut n\u00e4hd\u00e4? Tie on auki yl\u00f6sp\u00e4in! Kes\u00e4 kukoistaa ja luomakuntakin laulaa! 4.6.2025 &#8211; kes\u00e4 on nyt totta! Vuodet vieriv\u00e4t, kes\u00e4t kiit\u00e4v\u00e4t ohitsemme! In memoriam &#8211; &hellip; <a href=\"https:\/\/www.elamanlaulu.com\/?page_id=1287\" class=\"more-link\">Jatka lukemista<span class=\"screen-reader-text\"> &#8221;YouTube&#8221;<\/span><\/a><\/p>\n","protected":false},"author":1,"featured_media":0,"parent":0,"menu_order":0,"comment_status":"closed","ping_status":"closed","template":"","meta":{"footnotes":""},"class_list":["post-1287","page","type-page","status-publish","hentry"],"_links":{"self":[{"href":"https:\/\/www.elamanlaulu.com\/index.php?rest_route=\/wp\/v2\/pages\/1287","targetHints":{"allow":["GET"]}}],"collection":[{"href":"https:\/\/www.elamanlaulu.com\/index.php?rest_route=\/wp\/v2\/pages"}],"about":[{"href":"https:\/\/www.elamanlaulu.com\/index.php?rest_route=\/wp\/v2\/types\/page"}],"author":[{"embeddable":true,"href":"https:\/\/www.elamanlaulu.com\/index.php?rest_route=\/wp\/v2\/users\/1"}],"replies":[{"embeddable":true,"href":"https:\/\/www.elamanlaulu.com\/index.php?rest_route=%2Fwp%2Fv2%2Fcomments&post=1287"}],"version-history":[{"count":30,"href":"https:\/\/www.elamanlaulu.com\/index.php?rest_route=\/wp\/v2\/pages\/1287\/revisions"}],"predecessor-version":[{"id":1519,"href":"https:\/\/www.elamanlaulu.com\/index.php?rest_route=\/wp\/v2\/pages\/1287\/revisions\/1519"}],"wp:attachment":[{"href":"https:\/\/www.elamanlaulu.com\/index.php?rest_route=%2Fwp%2Fv2%2Fmedia&parent=1287"}],"curies":[{"name":"wp","href":"https:\/\/api.w.org\/{rel}","templated":true}]}}