{"id":170,"date":"2021-09-07T10:18:00","date_gmt":"2021-09-07T10:18:00","guid":{"rendered":"https:\/\/www.elamanlaulu.com\/?page_id=170"},"modified":"2024-02-25T11:03:57","modified_gmt":"2024-02-25T11:03:57","slug":"sivuston-kayttorajoitukset","status":"publish","type":"page","link":"https:\/\/www.elamanlaulu.com\/?page_id=170","title":{"rendered":"Sivuston k\u00e4ytt\u00f6rajoitukset"},"content":{"rendered":"\n<p><strong>Sivuston k\u00e4ytt\u00f6rajoitukset<\/strong><\/p>\n\n\n\n<p>T\u00e4m\u00e4n sivuston aineisto on tekij\u00e4noikeuslain alainen.  Mit\u00e4\u00e4n sis\u00e4lt\u00f6\u00e4 ei saa kopioida, tallentaa, siirt\u00e4\u00e4, muokata eik\u00e4 julkaista uudelleen miss\u00e4\u00e4n muodossa.   Osittaisista tekstilainauksista sovittava sivuston omistajan kanssa. Laulujen julkiseen esitt\u00e4miseen tarvitaan oikeudenomistajan kirjallinen lupa.<\/p>\n\n\n\n<p>Sivustolla olevia lauluvideoita voi <strong>kuunnella vapaasti<\/strong>; maksutta,  mutta videoiden kopiointi,  siirt\u00e4minen taikka uudelleenjulkaisu ei ole sallittua.<strong> Tekij\u00e4noikeusL 2\u00a7<\/strong>.<\/p>\n\n\n\n<p>Kaikkien t\u00e4m\u00e4n sivuston laulujen tekij\u00e4noikeuksien omistaja on Maijaliisa Hiekkanen. Suomen kansalliskirjaston tietokanta:<\/p>\n\n\n\n<p><a href=\"https:\/\/kansalliskirjasto.finna.fi\/AuthorityRecord\/melinda.(FI-ASTERI-N)000044021\">https:\/\/kansalliskirjasto.finna.fi\/AuthorityRecord\/melinda.(FI-ASTERI-N)000044021<\/a><\/p>\n\n\n\n<p><a href=\"https:\/\/kansalliskirjasto.finna.fi\/AuthorityRecord\/melinda.(FI-ASTERI-N)000051568\" data-type=\"link\" data-id=\"https:\/\/kansalliskirjasto.finna.fi\/AuthorityRecord\/melinda.(FI-ASTERI-N)000051568\">https:\/\/kansalliskirjasto.finna.fi\/AuthorityRecord\/melinda.(FI-ASTERI-N)000051568<\/a><\/p>\n\n\n\n<p>Sivuston yll\u00e4pit\u00e4j\u00e4  Maijaliisa Hiekkanen<\/p>\n\n\n\n<p>Vapaa kirjoittaja, kirjailija, laulaja<\/p>\n\n\n\n<p>Tekij\u00e4noikeuslaki 1 \u00a7 ja 56 a \u00a7<\/p>\n\n\n\n<p><\/p>\n\n\n<div class=\"wp-block-image\">\n<figure class=\"aligncenter size-full\"><img loading=\"lazy\" decoding=\"async\" width=\"600\" height=\"119\" src=\"https:\/\/www.elamanlaulu.com\/wp-content\/uploads\/2021\/09\/kuva-2.png\" alt=\"\" class=\"wp-image-56\" srcset=\"https:\/\/www.elamanlaulu.com\/wp-content\/uploads\/2021\/09\/kuva-2.png 600w, https:\/\/www.elamanlaulu.com\/wp-content\/uploads\/2021\/09\/kuva-2-300x60.png 300w\" sizes=\"auto, (max-width: 600px) 85vw, 600px\" \/><\/figure>\n<\/div>\n\n\n<p><\/p>\n\n\n\n<p><\/p>\n\n\n\n<h2 class=\"wp-block-heading\" style=\"font-size:2px\">   &#8211;  jolloin kokonaisen \u00e4\u00e4nitteen verran lauluja (10) julkaistiin markkinoitiin, myytiin ja levitettiin ilman kustannussopimusta, ilman lauluntekij\u00e4n lainmukaista suostumusta. Taloudellisessa hy\u00f6tytarkoituksessa, sivuuttaen lauluntekij\u00e4n kaikki oikeudet. (Tekij\u00e4noikeuslaki 2 \u00a7, 2\u00a7 3) kohta, 8 \u00a7)Useasti on esitetty kysymys, miksi t\u00e4ll\u00e4 sivustolla on k\u00e4ytt\u00f6rajoitus? Vastaus kyselij\u00f6ille on: perusteet  t\u00e4llaiseen menettelyyn ovat eritt\u00e4in valitettavat tapahtumat vuosien, vuosikymmenienkin takaa:  Tapahtuneet Tekij\u00e4noikeuksien rikkomukset<strong><mark style=\"background-color:rgba(0, 0, 0, 0)\" class=\"has-inline-color has-bright-red-color\">Tuote: Tie on auki yl\u00f6sp\u00e4in (1977)<\/mark><\/strong><\/h2>\n\n\n\n<p><\/p>\n\n\n\n<p><\/p>\n\n\n\n<p><\/p>\n","protected":false},"excerpt":{"rendered":"<p>Sivuston k\u00e4ytt\u00f6rajoitukset T\u00e4m\u00e4n sivuston aineisto on tekij\u00e4noikeuslain alainen. Mit\u00e4\u00e4n sis\u00e4lt\u00f6\u00e4 ei saa kopioida, tallentaa, siirt\u00e4\u00e4, muokata eik\u00e4 julkaista uudelleen miss\u00e4\u00e4n muodossa. Osittaisista tekstilainauksista sovittava sivuston omistajan kanssa. Laulujen julkiseen esitt\u00e4miseen tarvitaan oikeudenomistajan kirjallinen lupa. Sivustolla olevia lauluvideoita voi kuunnella vapaasti; maksutta, mutta videoiden kopiointi, siirt\u00e4minen taikka uudelleenjulkaisu ei ole sallittua. Tekij\u00e4noikeusL 2\u00a7. Kaikkien t\u00e4m\u00e4n sivuston &hellip; <a href=\"https:\/\/www.elamanlaulu.com\/?page_id=170\" class=\"more-link\">Jatka lukemista<span class=\"screen-reader-text\"> &#8221;Sivuston k\u00e4ytt\u00f6rajoitukset&#8221;<\/span><\/a><\/p>\n","protected":false},"author":1,"featured_media":0,"parent":0,"menu_order":0,"comment_status":"open","ping_status":"closed","template":"","meta":{"footnotes":""},"class_list":["post-170","page","type-page","status-publish","hentry"],"_links":{"self":[{"href":"https:\/\/www.elamanlaulu.com\/index.php?rest_route=\/wp\/v2\/pages\/170","targetHints":{"allow":["GET"]}}],"collection":[{"href":"https:\/\/www.elamanlaulu.com\/index.php?rest_route=\/wp\/v2\/pages"}],"about":[{"href":"https:\/\/www.elamanlaulu.com\/index.php?rest_route=\/wp\/v2\/types\/page"}],"author":[{"embeddable":true,"href":"https:\/\/www.elamanlaulu.com\/index.php?rest_route=\/wp\/v2\/users\/1"}],"replies":[{"embeddable":true,"href":"https:\/\/www.elamanlaulu.com\/index.php?rest_route=%2Fwp%2Fv2%2Fcomments&post=170"}],"version-history":[{"count":18,"href":"https:\/\/www.elamanlaulu.com\/index.php?rest_route=\/wp\/v2\/pages\/170\/revisions"}],"predecessor-version":[{"id":1187,"href":"https:\/\/www.elamanlaulu.com\/index.php?rest_route=\/wp\/v2\/pages\/170\/revisions\/1187"}],"wp:attachment":[{"href":"https:\/\/www.elamanlaulu.com\/index.php?rest_route=%2Fwp%2Fv2%2Fmedia&parent=170"}],"curies":[{"name":"wp","href":"https:\/\/api.w.org\/{rel}","templated":true}]}}