{"id":282,"date":"2022-03-11T11:16:54","date_gmt":"2022-03-11T11:16:54","guid":{"rendered":"https:\/\/www.elamanlaulu.com\/?page_id=282"},"modified":"2026-01-14T08:08:47","modified_gmt":"2026-01-14T08:08:47","slug":"musiikintekijan-50-vuotta","status":"publish","type":"page","link":"https:\/\/www.elamanlaulu.com\/?page_id=282","title":{"rendered":"Musiikintekij\u00e4n 50 vuotta"},"content":{"rendered":"\n<h2 class=\"wp-block-heading\"><mark style=\"background-color:rgba(0, 0, 0, 0);color:#a30054\" class=\"has-inline-color\">Maijaliisa Hiekkasen uutuuskirja<\/mark><\/h2>\n\n\n\n<p>Maijaliisan ensimm\u00e4inen teos \u201dlaulun lapsi\u201d syntyi kes\u00e4ll\u00e4 1972, liki 50 vuotta sitten. Lauluja on syntynyt lis\u00e4\u00e4, m\u00e4\u00e4r\u00e4 nyt l\u00e4hes 100. Julkistettu on 44 laulua albumeilla 1974-1981.<\/p>\n\n\n<div class=\"wp-block-image\">\n<figure class=\"aligncenter size-medium\"><img loading=\"lazy\" decoding=\"async\" width=\"212\" height=\"300\" src=\"https:\/\/www.elamanlaulu.com\/wp-content\/uploads\/2022\/04\/Musiikintekijan-muistelmia-212x300.jpg\" alt=\"\" class=\"wp-image-394\" srcset=\"https:\/\/www.elamanlaulu.com\/wp-content\/uploads\/2022\/04\/Musiikintekijan-muistelmia-212x300.jpg 212w, https:\/\/www.elamanlaulu.com\/wp-content\/uploads\/2022\/04\/Musiikintekijan-muistelmia.jpg 722w\" sizes=\"auto, (max-width: 212px) 85vw, 212px\" \/><\/figure>\n<\/div>\n\n\n<p class=\"has-text-align-center\"><strong>El\u00e4m\u00e4n Laulua<mark style=\"background-color:rgba(0, 0, 0, 0);color:#8c00a3\" class=\"has-inline-color\"> 50 vuotta<\/mark><\/strong><\/p>\n\n\n\n<p class=\"has-text-align-center\">Alusta alkaen on kysytty: <em>Maijaliisa<\/em><em>,<\/em><em> miten <\/em><em>laulusi syntyv\u00e4t?<\/em><\/p>\n\n\n\n<p class=\"has-text-align-center has-white-background-color has-background\">Onko totta t\u00e4m\u00e4: <em>Soitto on suruista tehdy, murehista muovaeltu<\/em>?<\/p>\n\n\n\n<p>Mit\u00e4 olivat tekij\u00e4t, joka muovasivat musiikille alustaa? Varhaisista kasvuvuosista alkaen? Mik\u00e4 sai laulut syntym\u00e4\u00e4n, virtaamaan ulos?<\/p>\n\n\n\n<p>Ent\u00e4 \u201dmusiikintekij\u00e4n murut\u201d? Mist\u00e4 tulevat \u201dk\u00f6yh\u00e4t taiteilijat\u201d, k\u00f6yh\u00e4t laulajat? N\u00e4inkin voi k\u00e4yd\u00e4? Kuten kirja kertoo. . .<\/p>\n\n\n\n<p>Moniv\u00e4rinen, monitasoinen kertomus, lauluntekij\u00e4n historiikkia 1950-2022. Rohkaisevaa esityst\u00e4, miten el\u00e4m\u00e4 voittaa toistuvista vastuksista huolimatta! El\u00e4m\u00e4n laulu soi kaikissa v\u00e4reiss\u00e4.<\/p>\n\n\n\n<p>Kirja on itsen\u00e4ist\u00e4 jatkoa Maijaliisan muistelmakirjojen sarjassa, <span style=\"color:#a929b5\" class=\"has-inline-color\"><strong><em>Kotiapulainen, <\/em>2016, <em>Selviytymisen seikkailuja,<\/em> 2017, <em>El\u00e4m\u00e4\u00e4 &amp; ev\u00e4it\u00e4 <\/em>2018 ja <\/strong><\/span><span style=\"color:#a300a0\" class=\"has-inline-color\"><strong><em>Hoitajan muistelmia, <\/em>2019.<\/strong><\/span><\/p>\n\n\n\n<p><\/p>\n\n\n\n<p><strong><em><span style=\"color:#a30097\" class=\"has-inline-color\">Tervetuloa mukaan kiintoisalle lukuretkelle alkaen lapsuuden ja kouluajan kuvioista, jatkuen t\u00e4nne saakka.  <\/span><\/em><span style=\"color:#a30097\" class=\"has-inline-color\"><em>Mit\u00e4 <\/em><\/span><\/strong><span style=\"color:#8300a3\" class=\"has-inline-color\"><strong><em>sellaista tuli p\u00e4iv\u00e4nvaloon tammikuussa 2022, joka lopullisesti laittoi muistelmat liikenteeseen, kirjaksi?<\/em><\/strong><\/span><\/p>\n\n\n\n<ul class=\"wp-block-list\">\n<li>Maijaliisa<\/li>\n<\/ul>\n\n\n\n<figure class=\"wp-block-image size-full\"><img loading=\"lazy\" decoding=\"async\" width=\"600\" height=\"119\" src=\"https:\/\/www.elamanlaulu.com\/wp-content\/uploads\/2021\/09\/kuva-2.png\" alt=\"\" class=\"wp-image-56\" srcset=\"https:\/\/www.elamanlaulu.com\/wp-content\/uploads\/2021\/09\/kuva-2.png 600w, https:\/\/www.elamanlaulu.com\/wp-content\/uploads\/2021\/09\/kuva-2-300x60.png 300w\" sizes=\"auto, (max-width: 600px) 85vw, 600px\" \/><\/figure>\n\n\n\n<p><\/p>\n","protected":false},"excerpt":{"rendered":"<p>Maijaliisa Hiekkasen uutuuskirja Maijaliisan ensimm\u00e4inen teos \u201dlaulun lapsi\u201d syntyi kes\u00e4ll\u00e4 1972, liki 50 vuotta sitten. Lauluja on syntynyt lis\u00e4\u00e4, m\u00e4\u00e4r\u00e4 nyt l\u00e4hes 100. Julkistettu on 44 laulua albumeilla 1974-1981. El\u00e4m\u00e4n Laulua 50 vuotta Alusta alkaen on kysytty: Maijaliisa, miten laulusi syntyv\u00e4t? Onko totta t\u00e4m\u00e4: Soitto on suruista tehdy, murehista muovaeltu? Mit\u00e4 olivat tekij\u00e4t, joka muovasivat &hellip; <a href=\"https:\/\/www.elamanlaulu.com\/?page_id=282\" class=\"more-link\">Jatka lukemista<span class=\"screen-reader-text\"> &#8221;Musiikintekij\u00e4n 50 vuotta&#8221;<\/span><\/a><\/p>\n","protected":false},"author":1,"featured_media":0,"parent":0,"menu_order":0,"comment_status":"open","ping_status":"closed","template":"","meta":{"footnotes":""},"class_list":["post-282","page","type-page","status-publish","hentry"],"_links":{"self":[{"href":"https:\/\/www.elamanlaulu.com\/index.php?rest_route=\/wp\/v2\/pages\/282","targetHints":{"allow":["GET"]}}],"collection":[{"href":"https:\/\/www.elamanlaulu.com\/index.php?rest_route=\/wp\/v2\/pages"}],"about":[{"href":"https:\/\/www.elamanlaulu.com\/index.php?rest_route=\/wp\/v2\/types\/page"}],"author":[{"embeddable":true,"href":"https:\/\/www.elamanlaulu.com\/index.php?rest_route=\/wp\/v2\/users\/1"}],"replies":[{"embeddable":true,"href":"https:\/\/www.elamanlaulu.com\/index.php?rest_route=%2Fwp%2Fv2%2Fcomments&post=282"}],"version-history":[{"count":12,"href":"https:\/\/www.elamanlaulu.com\/index.php?rest_route=\/wp\/v2\/pages\/282\/revisions"}],"predecessor-version":[{"id":1544,"href":"https:\/\/www.elamanlaulu.com\/index.php?rest_route=\/wp\/v2\/pages\/282\/revisions\/1544"}],"wp:attachment":[{"href":"https:\/\/www.elamanlaulu.com\/index.php?rest_route=%2Fwp%2Fv2%2Fmedia&parent=282"}],"curies":[{"name":"wp","href":"https:\/\/api.w.org\/{rel}","templated":true}]}}