{"id":392,"date":"2022-04-13T07:48:03","date_gmt":"2022-04-13T07:48:03","guid":{"rendered":"https:\/\/www.elamanlaulu.com\/?page_id=392"},"modified":"2024-12-27T06:10:17","modified_gmt":"2024-12-27T06:10:17","slug":"taivaslaulu-1972-maijaliisa","status":"publish","type":"page","link":"https:\/\/www.elamanlaulu.com\/?page_id=392","title":{"rendered":"Laulajan taivasmatkaa 1972 &#8211;  2024"},"content":{"rendered":"\n<p><strong>Oli huhtikuu 1972, <\/strong>kun Maijaliisan el\u00e4m\u00e4ss\u00e4 tapahtui sellainen ihme, jota voi pit\u00e4\u00e4 sis\u00e4llisen\u00e4 vallankumouksena.   Masennus, pelot ja el\u00e4m\u00e4n tarkoituksettomuus  vaihtui uudeksi ja iloiseksi aamuksi!  Sellaiseksi, jonka jatkumoa ei tietenk\u00e4\u00e4n voinut ennakoida?   Nyt tuosta ihmeellisest\u00e4 tapahtumasta on kulunut yli  50 vuotta.  Mit\u00e4 kaikkea n\u00e4m\u00e4 vuodet ovatkaan sis\u00e4lt\u00e4neet!  Mutta kaiken aikaa ja kaikkien kauheuksienkin keskell\u00e4 on ollut toivoa ja valoa.   Yh\u00e4 uudelleen 12.4.1972 sisimp\u00e4\u00e4n annettu uskon lahja on noussut voittoisaksi voimaksi.<\/p>\n\n\n\n<p>Alusta alkaen luovuuden lahjat ovat olleet mukana uskossa ja el\u00e4m\u00e4ss\u00e4. Musiikki, sanat ja s\u00e4velet ja luova kirjoittaminen. Ne ovat olleet my\u00f6s ty\u00f6v\u00e4lineit\u00e4, joilla on voinut ahkeroida Jumalan valtakunnan asioilla, l\u00e4himm\u00e4isi\u00e4 palvellen.  &#8211;  Iloa, toivoa ja lohdutusta v\u00e4litt\u00e4m\u00e4ll\u00e4.<\/p>\n\n\n\n<p>Referoitua historiikkia on luettavissa sivulla:<\/p>\n\n\n\n<p><a href=\"https:\/\/www.elamanlaulu.com\/?page_id=123\" data-type=\"page\" data-id=\"123\">Maijaliisan laulua 50 vuotta<\/a><\/p>\n\n\n\n<p><\/p>\n\n\n\n<h2 class=\"wp-block-heading has-text-align-center\"><mark style=\"background-color:rgba(0, 0, 0, 0);color:#a300a0\" class=\"has-inline-color\">Taivaslaulu  1972<\/mark><\/h2>\n\n\n\n<p><\/p>\n\n\n\n<p class=\"has-text-align-center\"><strong>Oli kev\u00e4t 1972.<\/strong><\/p>\n\n\n\n<p class=\"has-text-align-center\">Silloin alkoi se el\u00e4m\u00e4n ihme, jonka ensimm\u00e4isen\u00e4 luovuuden lapsena syntyi. . .<\/p>\n\n\n\n<p class=\"has-text-align-center\"><strong><mark style=\"background-color:rgba(0, 0, 0, 0);color:#8300a3\" class=\"has-inline-color\">&#8221;Taivaslaulu&#8221;<\/mark><\/strong><\/p>\n\n\n<div class=\"wp-block-image\">\n<figure class=\"aligncenter size-medium\"><img loading=\"lazy\" decoding=\"async\" width=\"300\" height=\"169\" src=\"https:\/\/www.elamanlaulu.com\/wp-content\/uploads\/2022\/04\/Taivaslaulu1-300x169.jpg\" alt=\"\" class=\"wp-image-391\" srcset=\"https:\/\/www.elamanlaulu.com\/wp-content\/uploads\/2022\/04\/Taivaslaulu1-300x169.jpg 300w, https:\/\/www.elamanlaulu.com\/wp-content\/uploads\/2022\/04\/Taivaslaulu1-1024x576.jpg 1024w, https:\/\/www.elamanlaulu.com\/wp-content\/uploads\/2022\/04\/Taivaslaulu1-768x432.jpg 768w, https:\/\/www.elamanlaulu.com\/wp-content\/uploads\/2022\/04\/Taivaslaulu1-1200x675.jpg 1200w, https:\/\/www.elamanlaulu.com\/wp-content\/uploads\/2022\/04\/Taivaslaulu1.jpg 1423w\" sizes=\"auto, (max-width: 300px) 85vw, 300px\" \/><\/figure>\n<\/div>\n\n\n<p class=\"has-text-align-center\">Niinkuin LP-levyn kansikotelokin on  nyt &#8221; ajan hampaan kuluttama&#8221;, kulmat ovat k\u00e4yt\u00f6ss\u00e4 hiutuneet. &#8211; Samoin on k\u00e4ynyt itse \u00e4\u00e4nitteelle. Mutta?  alkuper\u00e4isest\u00e4 C-kasetista t\u00e4ss\u00e4 digitoitu tuote.<\/p>\n\n\n\n<p> T\u00e4m\u00e4n videon julkaisuoikeudet  \u00a9 Maijaliisa Hiekkanen ja El\u00e4m\u00e4n Laulu T:mi All rights reserved. Taivaslaulun sanoitukset ja s\u00e4vellys \u00a9 Maijaliisa Hiekkanen (L\u00f6nnqvist)<\/p>\n\n\n\n<p class=\"has-text-align-center\">Alkuper\u00e4inen julkaisu TAIVASLAULU  LP, C-kasetti (1974)<\/p>\n\n\n\n<figure class=\"wp-block-embed is-type-video is-provider-youtube wp-block-embed-youtube wp-embed-aspect-16-9 wp-has-aspect-ratio\"><div class=\"wp-block-embed__wrapper\">\n<iframe loading=\"lazy\" title=\"Maijaliisa Hiekkanen:  Taivaslaulu 1972\" width=\"840\" height=\"473\" src=\"https:\/\/www.youtube.com\/embed\/F8jkXY2lCOQ?feature=oembed\" frameborder=\"0\" allow=\"accelerometer; autoplay; clipboard-write; encrypted-media; gyroscope; picture-in-picture; web-share\" referrerpolicy=\"strict-origin-when-cross-origin\" allowfullscreen><\/iframe>\n<\/div><\/figure>\n\n\n\n<h2 class=\"wp-block-heading has-text-align-center\"><mark style=\"background-color:rgba(0, 0, 0, 0);color:#7f00a3\" class=\"has-inline-color\">Lis\u00e4\u00e4 taivaslaulua<\/mark><\/h2>\n\n\n\n<p>Taivaslaulu oli yksi suosituimpia kappaleita TAIVASLAULU-levyll\u00e4, ja siit\u00e4 syyst\u00e4 se sis\u00e4ltyi my\u00f6s \u00e4\u00e4nitteen<em> VIESTIN SULLE LAULAN<\/em> kokoelmaan, joka julkaistiin<strong> 1978<\/strong>.<\/p>\n\n\n<div class=\"wp-block-image\">\n<figure class=\"aligncenter size-medium\"><img loading=\"lazy\" decoding=\"async\" width=\"197\" height=\"300\" src=\"https:\/\/www.elamanlaulu.com\/wp-content\/uploads\/2022\/04\/433E.tmp-3-197x300.png\" alt=\"\" class=\"wp-image-315\" srcset=\"https:\/\/www.elamanlaulu.com\/wp-content\/uploads\/2022\/04\/433E.tmp-3-197x300.png 197w, https:\/\/www.elamanlaulu.com\/wp-content\/uploads\/2022\/04\/433E.tmp-3.png 253w\" sizes=\"auto, (max-width: 197px) 85vw, 197px\" \/><\/figure>\n<\/div>\n\n\n<p>T\u00e4ss\u00e4 soi Taivaslaulu toisena versiona. . .1978<\/p>\n\n\n\n<figure class=\"wp-block-embed is-type-video is-provider-youtube wp-block-embed-youtube wp-embed-aspect-16-9 wp-has-aspect-ratio\"><div class=\"wp-block-embed__wrapper\">\n<iframe loading=\"lazy\" title=\"Maijaliisa Hiekkanen:  SkySong - Taivaslaulu\" width=\"840\" height=\"473\" src=\"https:\/\/www.youtube.com\/embed\/NNU-DCh_fHo?feature=oembed\" frameborder=\"0\" allow=\"accelerometer; autoplay; clipboard-write; encrypted-media; gyroscope; picture-in-picture; web-share\" referrerpolicy=\"strict-origin-when-cross-origin\" allowfullscreen><\/iframe>\n<\/div><\/figure>\n\n\n\n<p><\/p>\n\n\n\n<p class=\"has-text-align-center\"><strong><span style=\"background-color:rgba(0, 0, 0, 0);color:#8800a3\" class=\"has-inline-color\">Taivaslaulu<\/span><\/strong><\/p>\n\n\n\n<p><mark style=\"background-color:rgba(0, 0, 0, 0);color:#7b00a3\" class=\"has-inline-color\"><strong>Taivaan kaupunki Koti kultainen, sinne kuljen Jeesuksehen uskoen.<\/strong><\/mark><\/p>\n\n\n\n<p class=\"has-text-align-center\"><strong><span style=\"color:#7200a3\" class=\"has-inline-color\">Kuoli puolestain, hinnan maksoi H\u00e4n, ett\u00e4 perinn\u00f6ks saan ikiel\u00e4m\u00e4n.<\/span><\/strong><\/p>\n\n\n\n<p class=\"has-text-align-center\"><strong><span style=\"color:#9a00a3\" class=\"has-inline-color\">Taivaassa ei ole murhetta! Tuskaa, huolia kuin maailmassa.<\/span><\/strong><\/p>\n\n\n\n<p class=\"has-text-align-center\"><strong><span style=\"color:#7200a3\" class=\"has-inline-color\">Siksi sinne tahdon matkata, t\u00e4\u00e4ll ei ihanuutta taivaan vertaista.<\/span><\/strong><\/p>\n\n\n\n<p class=\"has-text-align-center\">2<\/p>\n\n\n\n<p class=\"has-text-align-center\"><strong><span class=\"has-inline-color has-bright-blue-color\">T\u00e4\u00e4ll\u00e4 taistot matkaa hidastaa,  mutta n\u00e4\u00e4n jo aamu sarastaa.<\/span><\/strong><\/p>\n\n\n\n<p class=\"has-text-align-center\"><strong><span class=\"has-inline-color has-bright-blue-color\">Syd\u00e4mess\u00e4in \u00e4\u00e4nen hiljaisen   kuulla voin m\u00e4 rakkaan Jeesuksen:<\/span><\/strong><\/p>\n\n\n\n<p class=\"has-text-align-center\"><strong><span class=\"has-inline-color has-bright-blue-color\">Kohta loppuu taistelusi t\u00e4\u00e4,  i\u00e4ti saat luonain lev\u00e4t\u00e4.<\/span><\/strong><\/p>\n\n\n\n<p class=\"has-text-align-center\"><strong><span class=\"has-inline-color has-bright-blue-color\">Uskollinen ole loppuun vaan, kohta kyyneleesi kaikki kuivataan.<\/span><\/strong><\/p>\n\n\n\n<p class=\"has-text-align-center\">3<\/p>\n\n\n\n<p class=\"has-text-align-center\"><strong><span style=\"color:#9a00a3\" class=\"has-inline-color\">Perille vie Herra taivaaseen.  Kauneinta on eess\u00e4 istuimen<\/span><\/strong><\/p>\n\n\n\n<p class=\"has-text-align-center\"><strong><span style=\"color:#8c00a3\" class=\"has-inline-color\">n\u00e4hd\u00e4 kasvot rakkaan Jeesuksen,  valkopuvussa kiitosta laulaen.<\/span><\/strong><\/p>\n\n\n\n<p class=\"has-text-align-center\"><strong><span style=\"color:#8800a3\" class=\"has-inline-color\">Halleluja, p\u00e4\u00e4ttyi taistelu. Taivaan riemuss kaikki unohtuu.<\/span><\/strong><\/p>\n\n\n\n<p class=\"has-text-align-center\"><strong><span style=\"color:#7600a3\" class=\"has-inline-color\">Murheet maailman kuin varjo vaan. Kiitos Jeesus kauttas ikiriemun saan.<\/span><\/strong><\/p>\n\n\n\n<p><\/p>\n\n\n\n<h2 class=\"wp-block-heading\"><mark style=\"background-color:rgba(0, 0, 0, 0);color:#7200a3\" class=\"has-inline-color\">Laulajan taivasmatkaa<\/mark> <mark style=\"background-color:rgba(0, 0, 0, 0);color:#8300a3\" class=\"has-inline-color\">1972-2022<\/mark><\/h2>\n\n\n\n<p><\/p>\n\n\n\n<p>Kun on kulunut 50 vuotta, sellaisessa ajassa tapahtuu paljonkin?  Kun ryhdyin julkistamaan (videoina) t\u00e4ll\u00e4 El\u00e4m\u00e4n Laulu musiikkisivustolla &#8221;vanhoja retrolauluja&#8221; vuosikymmenien takaa julkaistuista \u00e4\u00e4nitteist\u00e4,  on tullut palautetta.<\/p>\n\n\n\n<p>Vuodet ja vuosikymmenet tekev\u00e4t teht\u00e4v\u00e4ns\u00e4, j\u00e4tt\u00e4v\u00e4t j\u00e4lkens\u00e4. Ryppyj\u00e4 ja harmaita hiuksia. Lauluihinkin ja laulamiseen el\u00e4m\u00e4n tuomia piirteit\u00e4. Siteeraan t\u00e4h\u00e4n <strong>Kreeta Haapasalon<\/strong> laulun sanoja:<\/p>\n\n\n\n<p class=\"has-text-align-center\"><mark style=\"background-color:rgba(0, 0, 0, 0);color:#a30054\" class=\"has-inline-color\"><strong>Mun Kanteleeni kauniimmin taivaassa kerran soi!<\/strong><\/mark><\/p>\n\n\n\n<p class=\"has-text-align-center\"><mark style=\"background-color:rgba(0, 0, 0, 0);color:#a30059\" class=\"has-inline-color\"><strong>Siell uusin \u00e4\u00e4nin suloisin, mun sun suuni laulaa voi!<\/strong><\/mark><\/p>\n\n\n\n<p class=\"has-small-font-size\">Kolmas versio  <strong>&#8221;Taivalaulusta&#8221;<\/strong> on  konserttitallenne 16-04.2023 ,  l\u00f6ytyy kuultavaksi <a href=\"https:\/\/www.elamanlaulu.com\/?page_id=848\" data-type=\"page\" data-id=\"848\">Konsertin 16.4.2023 lauluja A<\/a><\/p>\n\n\n\n<p><\/p>\n\n\n\n<h2 class=\"wp-block-heading\"><strong><mark style=\"background-color:rgba(0, 0, 0, 0);color:#7b00a3\" class=\"has-inline-color\"><\/mark><\/strong><\/h2>\n\n\n\n<p><\/p>\n\n\n<div class=\"wp-block-image\">\n<figure class=\"aligncenter size-full\"><img loading=\"lazy\" decoding=\"async\" width=\"600\" height=\"119\" src=\"https:\/\/www.elamanlaulu.com\/wp-content\/uploads\/2021\/09\/kuva-2.png\" alt=\"\" class=\"wp-image-56\" srcset=\"https:\/\/www.elamanlaulu.com\/wp-content\/uploads\/2021\/09\/kuva-2.png 600w, https:\/\/www.elamanlaulu.com\/wp-content\/uploads\/2021\/09\/kuva-2-300x60.png 300w\" sizes=\"auto, (max-width: 600px) 85vw, 600px\" \/><\/figure>\n<\/div>\n\n\n<p><\/p>\n","protected":false},"excerpt":{"rendered":"<p>Oli huhtikuu 1972, kun Maijaliisan el\u00e4m\u00e4ss\u00e4 tapahtui sellainen ihme, jota voi pit\u00e4\u00e4 sis\u00e4llisen\u00e4 vallankumouksena. Masennus, pelot ja el\u00e4m\u00e4n tarkoituksettomuus vaihtui uudeksi ja iloiseksi aamuksi! Sellaiseksi, jonka jatkumoa ei tietenk\u00e4\u00e4n voinut ennakoida? Nyt tuosta ihmeellisest\u00e4 tapahtumasta on kulunut yli 50 vuotta. Mit\u00e4 kaikkea n\u00e4m\u00e4 vuodet ovatkaan sis\u00e4lt\u00e4neet! Mutta kaiken aikaa ja kaikkien kauheuksienkin keskell\u00e4 on ollut &hellip; <a href=\"https:\/\/www.elamanlaulu.com\/?page_id=392\" class=\"more-link\">Jatka lukemista<span class=\"screen-reader-text\"> &#8221;Laulajan taivasmatkaa 1972 &#8211;  2024&#8221;<\/span><\/a><\/p>\n","protected":false},"author":1,"featured_media":0,"parent":0,"menu_order":0,"comment_status":"open","ping_status":"closed","template":"","meta":{"footnotes":""},"class_list":["post-392","page","type-page","status-publish","hentry"],"_links":{"self":[{"href":"https:\/\/www.elamanlaulu.com\/index.php?rest_route=\/wp\/v2\/pages\/392","targetHints":{"allow":["GET"]}}],"collection":[{"href":"https:\/\/www.elamanlaulu.com\/index.php?rest_route=\/wp\/v2\/pages"}],"about":[{"href":"https:\/\/www.elamanlaulu.com\/index.php?rest_route=\/wp\/v2\/types\/page"}],"author":[{"embeddable":true,"href":"https:\/\/www.elamanlaulu.com\/index.php?rest_route=\/wp\/v2\/users\/1"}],"replies":[{"embeddable":true,"href":"https:\/\/www.elamanlaulu.com\/index.php?rest_route=%2Fwp%2Fv2%2Fcomments&post=392"}],"version-history":[{"count":18,"href":"https:\/\/www.elamanlaulu.com\/index.php?rest_route=\/wp\/v2\/pages\/392\/revisions"}],"predecessor-version":[{"id":1321,"href":"https:\/\/www.elamanlaulu.com\/index.php?rest_route=\/wp\/v2\/pages\/392\/revisions\/1321"}],"wp:attachment":[{"href":"https:\/\/www.elamanlaulu.com\/index.php?rest_route=%2Fwp%2Fv2%2Fmedia&parent=392"}],"curies":[{"name":"wp","href":"https:\/\/api.w.org\/{rel}","templated":true}]}}