{"id":8,"date":"2021-09-07T13:09:49","date_gmt":"2021-09-07T13:09:49","guid":{"rendered":"http:\/\/www.elamanlaulu.com\/?page_id=8"},"modified":"2026-03-30T05:41:01","modified_gmt":"2026-03-30T05:41:01","slug":"8-2","status":"publish","type":"page","link":"https:\/\/www.elamanlaulu.com\/","title":{"rendered":"El\u00e4m\u00e4n Laulu"},"content":{"rendered":"\n<h2 class=\"wp-block-heading has-text-align-center\"><em><mark style=\"background-color:rgba(0, 0, 0, 0);color:#995cbc\" class=\"has-inline-color\">Tervetuloa El\u00e4m\u00e4n Laulun palvelusivustolle<\/mark><\/em><\/h2>\n\n\n<div class=\"wp-block-image is-style-rounded\">\n<figure class=\"aligncenter size-full\"><img loading=\"lazy\" decoding=\"async\" width=\"600\" height=\"119\" src=\"https:\/\/www.elamanlaulu.com\/wp-content\/uploads\/2021\/09\/kuva-2.png\" alt=\"\" class=\"wp-image-56\" srcset=\"https:\/\/www.elamanlaulu.com\/wp-content\/uploads\/2021\/09\/kuva-2.png 600w, https:\/\/www.elamanlaulu.com\/wp-content\/uploads\/2021\/09\/kuva-2-300x60.png 300w\" sizes=\"auto, (max-width: 600px) 85vw, 600px\" \/><\/figure>\n<\/div>\n\n\n<h2 class=\"wp-block-heading\"><strong><mark style=\"background-color:rgba(0, 0, 0, 0);color:#ffffff\" class=\"has-inline-color\">Parhainta Jo<\/mark><mark style=\"background-color:rgba(0, 0, 0, 0)\" class=\"has-inline-color has-bright-red-color\">T\u00e4m\u00e4 sivusto?<\/mark><\/strong><\/h2>\n\n\n\n<p><\/p>\n\n\n\n<p><strong><mark style=\"background-color:rgba(0, 0, 0, 0)\" class=\"has-inline-color has-bright-red-color\">Infoa<\/mark><\/strong> Maijaliisan lauluista, musiikin tuotannon historiikista. 1970-1980 luvuilta. <\/p>\n\n\n\n<p>(Sivulla<strong> <a href=\"https:\/\/www.elamanlaulu.com\/?page_id=955\" data-type=\"page\" data-id=\"955\">Diary<\/a> u<\/strong>usimmat p\u00e4ivitykset.)<\/p>\n\n\n\n<p><mark style=\"background-color:rgba(0, 0, 0, 0)\" class=\"has-inline-color has-bright-red-color\"><strong>Lauluja<\/strong><\/mark> voi kuunnella YouTuben kanavalla <a href=\"https:\/\/www.youtube.com\/@maijaliisahiekkanen5096\/videos\">https:\/\/www.youtube.com\/@maijaliisahiekkanen5096\/videos<\/a><\/p>\n\n\n\n<ul class=\"wp-block-list\">\n<li>YouTube kanavalla 160 videota. <\/li>\n\n\n\n<li>Laulumusiikkia vuosilta 1972-1981,<\/li>\n\n\n\n<li> sek\u00e4 yli 100 <em><strong>musiikkiterapiavideota<\/strong><\/em>, <strong><em>musiikkivideota <\/em><\/strong>helmikuusta 2025 alkaen.<\/li>\n\n\n\n<li>Teemoina yksin\u00e4isyys, pelot, ahdistukset, ep\u00e4toivo, surut, murheet.<\/li>\n\n\n\n<li>Sek\u00e4 sota-asiaan ja Suomen kansaan, is\u00e4nmaahamme liittyv\u00e4\u00e4.<\/li>\n<\/ul>\n\n\n\n<p><strong>Voit <\/strong>tutustua Maijaliisan musiikintekemisen historiikkiin. <\/p>\n\n\n\n<p><a href=\"https:\/\/www.elamanlaulu.com\/?page_id=123\" data-type=\"page\" data-id=\"123\">Maijaliisan laulua 50 vuotta<\/a> <a href=\"https:\/\/www.elamanlaulu.com\/?page_id=282\" data-type=\"page\" data-id=\"282\">Musiikintekij\u00e4n 50 vuotta<\/a><\/p>\n\n\n\n<ul class=\"wp-block-list\">\n<li><strong>Voit<\/strong> antaa palautetta n\u00e4ill\u00e4 sivuilla, kommenttikent\u00e4ss\u00e4 (anonyymisti, henkil\u00f6tietoja tai s\u00e4hk\u00f6postiosoitetta ei julkaista).<\/li>\n<\/ul>\n\n\n\n<ul class=\"wp-block-list\">\n<li><strong>Voit <\/strong>ottaa yhteytt\u00e4 my\u00f6s muissa asioissa, s\u00e4hk\u00f6postilla tai puhelimella .<a href=\"https:\/\/www.elamanlaulu.com\/?page_id=145\" data-type=\"page\" data-id=\"145\">El\u00e4m\u00e4n Laulun palvelut, yhteydet<\/a><\/li>\n<\/ul>\n\n\n\n<p><\/p>\n\n\n\n<ul class=\"wp-block-list\">\n<li style=\"font-size:19px\"><mark style=\"background-color:rgba(0, 0, 0, 0)\" class=\"has-inline-color has-bright-red-color\"><em>Mu<strong>uten <\/strong><\/em><strong><em>&#8211; iloisesti, pelk\u00e4\u00e4m\u00e4tt\u00e4 &#8211; el\u00e4m\u00e4ss\u00e4 eteenp\u00e4in<\/em><\/strong>!<\/mark><\/li>\n<\/ul>\n\n\n\n<p><strong>Palveluksessasi<\/strong>: El\u00e4m\u00e4n Laulu TMI<\/p>\n\n\n\n<p><em>Maijaliisa Hiekkanen<\/em><\/p>\n\n\n\n<p><\/p>\n\n\n<div class=\"wp-block-image is-style-rounded\">\n<figure class=\"aligncenter size-full\"><img loading=\"lazy\" decoding=\"async\" width=\"300\" height=\"201\" src=\"https:\/\/www.elamanlaulu.com\/wp-content\/uploads\/2021\/09\/kuva-5.png\" alt=\"\" class=\"wp-image-138\"\/><\/figure>\n<\/div>\n\n\n<h2 class=\"wp-block-heading has-text-align-center\"><strong><span style=\"color:#8c00a3\" class=\"has-inline-color\">Miten laulusi syntyv\u00e4t?<\/span><\/strong><\/h2>\n\n\n\n<p>T\u00e4m\u00e4 kysymys on toistunut jo 50 vuotta!  T\u00e4st\u00e4,   ja lauluntekij\u00e4n historiikkiin ja musiikin syntymisen taustoihin l\u00f6ytyy runsaasti vastauksia maaliskuussa 2022 ilmestyneess\u00e4 muistelmakirjassa:<\/p>\n\n\n<div class=\"wp-block-image\">\n<figure class=\"aligncenter size-medium\"><img loading=\"lazy\" decoding=\"async\" width=\"212\" height=\"300\" src=\"https:\/\/www.elamanlaulu.com\/wp-content\/uploads\/2022\/04\/Musiikintekijan-muistelmia-212x300.jpg\" alt=\"\" class=\"wp-image-394\" srcset=\"https:\/\/www.elamanlaulu.com\/wp-content\/uploads\/2022\/04\/Musiikintekijan-muistelmia-212x300.jpg 212w, https:\/\/www.elamanlaulu.com\/wp-content\/uploads\/2022\/04\/Musiikintekijan-muistelmia.jpg 722w\" sizes=\"auto, (max-width: 212px) 85vw, 212px\" \/><figcaption class=\"wp-element-caption\"><a href=\"https:\/\/www.elamanlaulu.com\/?page_id=282\" data-type=\"page\" data-id=\"282\">Musiikintekij\u00e4n 50 vuotta<\/a><\/figcaption><\/figure>\n<\/div>\n\n\n<p><\/p>\n","protected":false},"excerpt":{"rendered":"<p>Tervetuloa El\u00e4m\u00e4n Laulun palvelusivustolle Parhainta JoT\u00e4m\u00e4 sivusto? Infoa Maijaliisan lauluista, musiikin tuotannon historiikista. 1970-1980 luvuilta. (Sivulla Diary uusimmat p\u00e4ivitykset.) Lauluja voi kuunnella YouTuben kanavalla https:\/\/www.youtube.com\/@maijaliisahiekkanen5096\/videos Voit tutustua Maijaliisan musiikintekemisen historiikkiin. Maijaliisan laulua 50 vuotta Musiikintekij\u00e4n 50 vuotta Palveluksessasi: El\u00e4m\u00e4n Laulu TMI Maijaliisa Hiekkanen Miten laulusi syntyv\u00e4t? T\u00e4m\u00e4 kysymys on toistunut jo 50 vuotta! T\u00e4st\u00e4, ja &hellip; <a href=\"https:\/\/www.elamanlaulu.com\/\" class=\"more-link\">Jatka lukemista<span class=\"screen-reader-text\"> &#8221;El\u00e4m\u00e4n Laulu&#8221;<\/span><\/a><\/p>\n","protected":false},"author":1,"featured_media":0,"parent":0,"menu_order":0,"comment_status":"open","ping_status":"closed","template":"","meta":{"footnotes":""},"class_list":["post-8","page","type-page","status-publish","hentry"],"_links":{"self":[{"href":"https:\/\/www.elamanlaulu.com\/index.php?rest_route=\/wp\/v2\/pages\/8","targetHints":{"allow":["GET"]}}],"collection":[{"href":"https:\/\/www.elamanlaulu.com\/index.php?rest_route=\/wp\/v2\/pages"}],"about":[{"href":"https:\/\/www.elamanlaulu.com\/index.php?rest_route=\/wp\/v2\/types\/page"}],"author":[{"embeddable":true,"href":"https:\/\/www.elamanlaulu.com\/index.php?rest_route=\/wp\/v2\/users\/1"}],"replies":[{"embeddable":true,"href":"https:\/\/www.elamanlaulu.com\/index.php?rest_route=%2Fwp%2Fv2%2Fcomments&post=8"}],"version-history":[{"count":86,"href":"https:\/\/www.elamanlaulu.com\/index.php?rest_route=\/wp\/v2\/pages\/8\/revisions"}],"predecessor-version":[{"id":1582,"href":"https:\/\/www.elamanlaulu.com\/index.php?rest_route=\/wp\/v2\/pages\/8\/revisions\/1582"}],"wp:attachment":[{"href":"https:\/\/www.elamanlaulu.com\/index.php?rest_route=%2Fwp%2Fv2%2Fmedia&parent=8"}],"curies":[{"name":"wp","href":"https:\/\/api.w.org\/{rel}","templated":true}]}}